{"id":393,"date":"2025-08-05T22:24:18","date_gmt":"2025-08-05T22:24:18","guid":{"rendered":"https:\/\/energy.postvalidation.blog\/?page_id=393"},"modified":"2025-08-05T22:24:51","modified_gmt":"2025-08-05T22:24:51","slug":"cookie-policy","status":"publish","type":"page","link":"https:\/\/energy.postvalidation.blog\/en\/cookie-policy\/","title":{"rendered":"Cookie Policy"},"content":{"rendered":"<div data-elementor-type=\"wp-page\" data-elementor-id=\"393\" class=\"elementor elementor-393\" data-elementor-post-type=\"page\">\n\t\t\t\t<div class=\"elementor-element elementor-element-f3fe608 e-flex e-con-boxed e-con e-parent\" data-id=\"f3fe608\" data-element_type=\"container\">\n\t\t\t\t\t<div class=\"e-con-inner\">\n\t\t\t\t<div class=\"elementor-element elementor-element-c61063d elementor-widget elementor-widget-heading\" data-id=\"c61063d\" data-element_type=\"widget\" data-widget_type=\"heading.default\">\n\t\t\t\t\t<h1 class=\"elementor-heading-title elementor-size-default\">Privacy Policy<\/h1>\t\t\t\t<\/div>\n\t\t\t\t<div class=\"elementor-element elementor-element-82bcb40 elementor-widget elementor-widget-text-editor\" data-id=\"82bcb40\" data-element_type=\"widget\" data-widget_type=\"text-editor.default\">\n\t\t\t\t\t\t\t\t\t<p>Un cookie \u00e8 una stringa di testo di dimensioni ridotte che i siti visitati inviano al browser del computer dell\u2019Utente, ove vengono memorizzati quando quest\u2019ultimo visita un sito internet, per essere poi ritrasmessi agli stessi siti alla visita successiva.<br \/>I cookie vengono utilizzati dai Titolari e da eventuali terze parti, come di seguito indicate, per far funzionare il Sito o per migliorarne le prestazioni, ma anche per fornire informazioni sul Sito o sulla navigazione dell\u2019Utente.<br \/>Il Sito utilizza cookie sia per finalit\u00e0 tecniche che per finalit\u00e0 ulteriori: mentre i cookie tecnici sono utilizzati in quanto strettamente necessari al funzionamento del Sito nonch\u00e9 a fornire il servizio espressamente richiesto dall\u2019Utente (es. impostazione della lingua, etc.), come di seguito meglio illustrati, i cookie per finalit\u00e0 ulteriori (es. cookie di profilazione, cookie analitici) sono utilizzati per svolgere analisi comportamentali dell\u2019Utente sul Sito, al fine di migliorarne i contenuti ed inviare messaggi pubblicitari in linea con le preferenze manifestate dall\u2019Utente nell&#8217;ambito della navigazione in rete, come di seguito indicato.<\/p><p>Il sito utilizza:<br \/><b>Cookie Tecnici<\/b><br \/><b>Cookie di misurazione e analisi di terze parti<\/b><br \/><b>Cookie di profilazione di terze parti<\/b><\/p><h2>Cookie tecnici<\/h2><p>I cookie tecnici sono fondamentali per permettere all\u2019Utente di muoversi all\u2019interno del Sito e per usare le sue funzionalit\u00e0, ricordare le scelte dell\u2019utente (es. lingua, paese di origine, etc.), per distribuire richieste su pi\u00f9 server, per memorizzare quando l\u2019Utente fornisce il proprio consenso a determinate opzioni (ad esempio accettando l\u2019utilizzo di determinati cookie superando il banner informativo), per permettere all\u2019Utente di visualizzare contenuti e video tramite Adobe Flash Player. Tali cookie hanno durata di massimo 2 anni e non richiedono il consenso dell\u2019Utente.<\/p><h2>Cookie di misurazione e analitici di terze parti<\/h2><p>il Sito utilizza anche cookie forniti da terze parti di fiducia che aiutano a renderne l\u2019offerta e i contenuti pi\u00f9 interessanti.<\/p><p>L\u2019elenco dei cookie<\/p><table class=\"table table-bordered\"><thead><tr><th>Nome<\/th><th>Fornitore<\/th><th>Scopo<\/th><th>Scadenza<\/th><th>Tipo<\/th><\/tr><\/thead><tbody><tr><td><p>CookieConsent<\/p><\/td><td>Cookiebot<\/td><td><p>Memorizza lo stato del consenso ai cookie 1 anno dell&#8217;utente per il dominio corrente<\/p><\/td><td>1 anno<\/td><td><p>HTTP<\/p><\/td><\/tr><tr><td><p>_ga<\/p><\/td><td>www.energy-park.it<\/td><td><p>Registra un ID univoco utilizzato per generare dati statistici su come il visitatore<br \/>utilizza il sito internet.<\/p><\/td><td>2 anni<\/td><td><p>HTTP<\/p><\/td><\/tr><tr><td><p>_gat<\/p><\/td><td>www.energy-park.it<\/td><td><p>Utilizzato da Google Analytics per limitare la frequenza delle richieste<\/p><\/td><td>1 giorno<\/td><td><p>HTTP<\/p><\/td><\/tr><tr><td><p>_gid<\/p><\/td><td>www.energy-park.it<\/td><td><p>Registra un ID univoco utilizzato per generare dati statistici su come il visitatore<br \/>utilizza il sito internet.<\/p><\/td><td>1 giorno<\/td><td>HTTP<\/td><\/tr><\/tbody><\/table><p><br \/><br \/><b>Disabilitazione dei cookie tramite il browser<\/b><\/p><p>Oltre a poter scegliere se accettare o rifiutare tutti o parte dei cookie utilizzati dal Sito per finalit\u00e0 ulteriori sia sul banner presente nella home page che attraverso la specifica selezione tramite i bottoni presenti nel documento, in futuro, qualora lo desideri, l\u2019Utente potr\u00e0 altres\u00ec eliminare dal proprio browser i cookie posti dal Sito anche attraverso le impostazioni dello stesso browser.<br \/>La maggior parte dei browser di navigazione sono impostati per accettare i cookie. Tuttavia, l\u2019Utente potr\u00e0 configurare il proprio browser per restringere il numero di cookie accettati o bloccare tutti i cookie, cambiando le impostazioni del browser con le seguenti modalit\u00e0:<\/p><table class=\"table table-bordered\"><thead><tr><th>Browser<\/th><th>Istruzioni<\/th><th>Link<\/th><\/tr><\/thead><tbody><tr><td><p>Microsoft Internet Explorer<\/p><\/td><td><p>Cliccare l\u2019icona &#8216;Strumenti&#8217; nell\u2019angolo in alto a destra e selezionare &#8216;Opzioni Internet&#8217;. Nella finestra pop-up selezionare &#8216;Privacy&#8217;. Qui l\u2019Utente puo\u0300 modificare le impostazioni dei cookie<\/p><\/td><td><a href=\"https:\/\/support.microsoft.com\/it-it\/windows\/eliminare-e-gestire-i-cookie-168dab11-0753-043d-7c16-ede5947fc64d#ie=ie-11-win-7\" target=\"_blank\" rel=\"noopener\">https:\/\/support.microsoft.com\/it-it\/windows\/eliminare-e-gestire-i-cookie-168dab11-0753-043d-7c16-ede5947fc64d#ie=ie-11-win-7<\/a><\/td><\/tr><tr><td><p>Google Chrome<\/p><\/td><td><p>Cliccare l\u2019icona \u201cchiave inglese\u201d nell\u2019angolo in alto a destra e selezionare &#8216;Impostazioni&#8217;. A questo punto selezionare &#8216;Mostra impostazioni avanzate\u2019 e cambiare le impostazioni della &#8216;Privacy&#8217;<\/p><\/td><td><a href=\"https:\/\/support.google.com\/accounts\/topic\/7189049?hl=it&amp;ref_topic=2373957&amp;visit_id=637571201918959679-455220852&amp;rd=1\" target=\"_blank\" rel=\"noopener\">https:\/\/support.google.com\/accounts\/topic\/7189049?hl=it&amp;ref_topic=2373957&amp;visit_id=637571201918959679-455220852&amp;rd=1<\/a><\/td><\/tr><tr><td><p>Mozilla Firefox<\/p><\/td><td><p>Dal menu a tendina nell\u2019angolo in alto a sinistra selezionare &#8216;Opzioni&#8217;. Nella finestra di pop-up selezionare &#8216;Privacy&#8217;. Qui l\u2019Utente puo\u0300 regolare le impostazioni dei cookie<\/p><\/td><td><a href=\"https:\/\/support.mozilla.org\/it\/kb\/protezione-antitracciamento-avanzata-firefox-desktop?redirectslug=Attivare+e+disattivare+i+cookie&amp;redirectlocale=it#firefox:win7:fx38\" target=\"_blank\" rel=\"noopener\">https:\/\/support.mozilla.org\/it\/kb\/protezione-antitracciamento-avanzata-firefox-desktop?redirectslug=Attivare+e+disattivare+i+cookie&amp;redirectlocale=it#firefox:win7:fx38<\/a><\/td><\/tr><tr><td><p>Safari<\/p><\/td><td><p>Dal menu di impostazione a tendina nell\u2019angolo in alto a destra selezionare &#8216;Preferenze&#8217;. Selezionare &#8216;Sicurezza&#8217; e qui l\u2019Utente puo\u0300 regolare le impostazioni dei cookie<\/p><\/td><td><a href=\"https:\/\/support.apple.com\/it-it\/HT201265\" target=\"_blank\" rel=\"noopener\">https:\/\/support.apple.com\/it-it\/HT201265<\/a><\/td><\/tr><\/tbody><\/table><p>Si fa presente, tuttavia, che disabilitando l\u2019utilizzo di tutti i cookie sul Sito (inclusi quelli tecnici) ne verranno compromesse alcune funzionalit\u00e0.<\/p><p><u><i>Ulteriori informazioni relative ai cookie<\/i><\/u><br \/>Il sito www allaboutcookie org contiene le istruzioni per la gestione dei cookie sui browser pi\u00f9 diffusi; in alternativa \u00e8 possibile consultare la documentazione allegata al software utilizzato sul proprio dispositivo.<\/p><h2>Modifiche alla Cookie Policy<\/h2><p>Potranno essere apportate modifiche alla presente Policy in qualunque momento, dandone avviso mediante pubblicazione sul Sito.\u2028Invitiamo l\u2019Utente a verificare sul Sito tali aggiornamenti.<br \/>Qualora i cambiamenti fossero particolarmente significativi e\/o impattino in maniera elevata sui diritti dell\u2019Utente, essi potranno essere comunicati all\u2019Utente anche tramite una diversa modalit\u00e0 (per esempio l\u2019invio di una e-mail).<\/p><p><br \/><br \/><i>Cookie Policy aggiornata al 15.05.2021<\/i><\/p>\t\t\t\t\t\t\t\t<\/div>\n\t\t\t\t\t<\/div>\n\t\t\t\t<\/div>\n\t\t\t\t<\/div>","protected":false},"excerpt":{"rendered":"<p>Privacy Policy Un cookie \u00e8 una stringa di testo di dimensioni ridotte che i siti visitati inviano al browser del computer dell\u2019Utente, ove vengono memorizzati quando quest\u2019ultimo visita un sito internet, per essere poi ritrasmessi agli stessi siti alla visita successiva.I cookie vengono utilizzati dai Titolari e da eventuali terze parti, come di seguito indicate, [&hellip;]<\/p>","protected":false},"author":1,"featured_media":0,"parent":0,"menu_order":0,"comment_status":"closed","ping_status":"closed","template":"","meta":{"inline_featured_image":false,"footnotes":""},"class_list":["post-393","page","type-page","status-publish","hentry"],"_links":{"self":[{"href":"https:\/\/energy.postvalidation.blog\/en\/wp-json\/wp\/v2\/pages\/393","targetHints":{"allow":["GET"]}}],"collection":[{"href":"https:\/\/energy.postvalidation.blog\/en\/wp-json\/wp\/v2\/pages"}],"about":[{"href":"https:\/\/energy.postvalidation.blog\/en\/wp-json\/wp\/v2\/types\/page"}],"author":[{"embeddable":true,"href":"https:\/\/energy.postvalidation.blog\/en\/wp-json\/wp\/v2\/users\/1"}],"replies":[{"embeddable":true,"href":"https:\/\/energy.postvalidation.blog\/en\/wp-json\/wp\/v2\/comments?post=393"}],"version-history":[{"count":4,"href":"https:\/\/energy.postvalidation.blog\/en\/wp-json\/wp\/v2\/pages\/393\/revisions"}],"predecessor-version":[{"id":397,"href":"https:\/\/energy.postvalidation.blog\/en\/wp-json\/wp\/v2\/pages\/393\/revisions\/397"}],"wp:attachment":[{"href":"https:\/\/energy.postvalidation.blog\/en\/wp-json\/wp\/v2\/media?parent=393"}],"curies":[{"name":"wp","href":"https:\/\/api.w.org\/{rel}","templated":true}]}}