{"id":388,"date":"2025-08-05T22:21:58","date_gmt":"2025-08-05T22:21:58","guid":{"rendered":"https:\/\/energy.postvalidation.blog\/?page_id=388"},"modified":"2025-08-05T22:23:42","modified_gmt":"2025-08-05T22:23:42","slug":"privacy-policy","status":"publish","type":"page","link":"https:\/\/energy.postvalidation.blog\/en\/privacy-policy\/","title":{"rendered":"Privacy Policy"},"content":{"rendered":"<div data-elementor-type=\"wp-page\" data-elementor-id=\"388\" class=\"elementor elementor-388\" data-elementor-post-type=\"page\">\n\t\t\t\t<div class=\"elementor-element elementor-element-f3fe608 e-flex e-con-boxed e-con e-parent\" data-id=\"f3fe608\" data-element_type=\"container\">\n\t\t\t\t\t<div class=\"e-con-inner\">\n\t\t\t\t<div class=\"elementor-element elementor-element-c61063d elementor-widget elementor-widget-heading\" data-id=\"c61063d\" data-element_type=\"widget\" data-widget_type=\"heading.default\">\n\t\t\t\t\t<h1 class=\"elementor-heading-title elementor-size-default\">Privacy Policy<\/h1>\t\t\t\t<\/div>\n\t\t\t\t<div class=\"elementor-element elementor-element-82bcb40 elementor-widget elementor-widget-text-editor\" data-id=\"82bcb40\" data-element_type=\"widget\" data-widget_type=\"text-editor.default\">\n\t\t\t\t\t\t\t\t\t<p>Questa Privacy Policy ha lo scopo di descrivere le finalit\u00e0 e le modalit\u00e0 tramite cui COIMA SGR, Titolare del trattamento (\u201cCOIMA\u201d o \u201cTitolare\u201d) ed i soggetti individuati (exclusive agents) trattano i dati personali dell\u2019Utente (\u201dUtente\u201d) raccolti attraverso il sito\u00a0<a href=\"https:\/\/www.energy-park.it\/\">https:\/\/www.energy-park.it<\/a>\u00a0(\u201cSito\u201d) nel momento in cui l\u2019Utente interagisce con il Sito e con i diversi servizi offerti dallo stesso.<\/p><p>Le informazioni contenute nella presente Privacy Policy sono fornite ai sensi dell\u2019art. 13 del Regolamento EU 2016\/679 (\u201cRegolamento\u201d), nonch\u00e9 dei Provvedimenti emanati dall\u2019Autorit\u00e0 Garante per la protezione dei dati personali e Linee Guida del European Data Protection Board. Le informazioni circa il trattamento dei dati sono rese solo per il Sito e non si estendono ai trattamenti operati da soggetti terzi tramite altri siti eventualmente consultabili dall\u2019Utente tramite link. Rispetto a detti ulteriori trattamenti il Titolare non assume alcuna responsabilit\u00e0, dovendo l\u2019Utente far riferimento alle singole Privacy Policy dei siti terzi.<\/p><h2>1.Titolare e luogo del trattamento<\/h2><p>Titolare del trattamento, \u00e8 COIMA SGR con sede in Piazza Gae Aulenti 12, 20154, Milano.<\/p><h2>2. Modalit\u00e0 del trattamento dei dati<\/h2><p>I dati dell\u2019Utente sono trattati adottando tutte le opportune misure di sicurezza volte ad impedire accessi non autorizzati, nonch\u00e9 la divulgazione, modifica o distruzione dei dati non autorizzate. Il trattamento viene effettuato prevalentemente con strumenti informatici e\/o telematici, con modalit\u00e0 organizzative e con logiche strettamente correlate e limitate alle finalit\u00e0 indicate.<\/p><h2>3. Finalit\u00e0 del trattamento dei dati e base giuridica del trattamento<\/h2><p>COIMA, potr\u00e0 trattare i dati dell\u2019Utente per le seguenti finalit\u00e0:<\/p><p>a\u00a0<b><u>Contacts<\/u><\/b>. L\u2019Utente ha la possibilit\u00e0 di avere maggiori informazioni circa il Campus ed i servizi offerti, attraverso i dati di contatto indicati sul Sito. A questo proposito, l\u2019Utente ha anche la possibilit\u00e0 di contattare, gli exclusive agents individuati (BNP Paribas e Colliers) i cui contatti sono riportati nell\u2019apposita sezione e che agiranno quali autonomi titolari del trattamento, per fornire riscontro alle richieste dell\u2019Utente. Maggiori informazioni circa il trattamento dei dati realizzato dagli exclusive agents, fuori dal contesto del Sito, saranno fornite da questi ultimi tramite apposite informative ex art. 13 del Regolamento. I dati personali forniti volontariamente dall\u2019Utente (es. indirizzo e-mail, eventuale numero di telefono e\/o altre informazioni spontaneamente fornite dall\u2019Utente) saranno trattati dagli agent (titolari) di riferimento per prendere in carico, gestire correttamente e rispondere alle comunicazioni e\/o richieste ricevute dall\u2019Utente, comprese le richieste di essere ricontattato per fissare un appuntamento. La base giuridica del trattamento \u00e8 rappresentata dall\u2019esecuzione del servizio espressamente richiesto dall\u2019Utente, e l\u2019eventuale rifiuto di fornire i dati personali comporta l&#8217;impossibilit\u00e0 di gestire e riscontrare la comunicazione o la richiesta di informazioni. Gli exclusive agents tratteranno i dati solo per fornire riscontro alla richiesta dell\u2019Utente.<\/p><p>b.\u00a0<b><u>Perseguimento dei legittimi interessi del Titolare e\/o di terzi<\/u><\/b>. I dati dell\u2019Utente potranno altres\u00ec essere utilizzati per l\u2019esercizio dei diritti e dei legittimi interessi dei Titolari e\/o di terzi, ad esempio il diritto di difesa in giudizio, la gestione dei reclami e del contenzioso, l\u2019eventuale recupero dei crediti, la prevenzione di frodi e\/o di attivit\u00e0 illecite. In questi casi, seppure il conferimento dei dati personali dell\u2019Utente non sia obbligatorio, esso risulta comunque necessario in quanto tali dati sono strettamente connessi e strumentali al perseguimento di tali interessi legittimi, che non prevalgono sui diritti e sulle libert\u00e0 fondamentali dell\u2019Utente, e l&#8217;eventuale rifiuto di fornirli potrebbe comportare l&#8217;impossibilit\u00e0 di erogare i servizi richiesti (es. richiedere informazioni).<\/p><p>c.\u00a0<b><u>Adempiere ad obblighi di legge e\/o obblighi applicabili<\/u><\/b>. I dati personali forniti dall\u2019Utente, o altrimenti acquisiti nel corso dell\u2019interazione dell\u2019Utente con il Sito, potranno essere altres\u00ec utilizzati per finalit\u00e0 connesse all\u2019esecuzione di obblighi di legge, regolamenti, normative nazionali e comunitarie nonch\u00e9 derivanti da disposizioni impartite da autorit\u00e0 a ci\u00f2 legittimate dalla legge, che rappresentano la base giuridica del trattamento, senza necessit\u00e0 di ottenere il preventivo consenso dell\u2019Utente.<\/p><p>d.\u00a0<b><u>Effettuare analisi statistiche aggregate su base anonima<\/u><\/b>\u00a0al fine di migliorare le prestazioni e i servizi offerti tramite il Sito. In questo caso, alcun consenso dell\u2019Utente sar\u00e0 richiesto, in quanto il trattamento indicato sar\u00e0 svolto unicamente su dati anonimi.<\/p><h2>4. Categorie di dati oggetto di trattamento<\/h2><p>Il Sito pu\u00f2 raccogliere informazioni relative all\u2019Utente che visita le pagine del Sito e che usufruisce dei servizi web disponibili sul medesimo. In particolare, potranno essere raccolte e trattate le seguenti informazioni.<\/p><p><u><i>4.1 Dati raccolti tramite la navigazione e tramite cookie<\/i><\/u><br \/>Quando l\u2019Utente visita il Sito, quest\u2019ultimo raccoglie alcuni dati quali le pagine visualizzate, i collegamenti o i pulsanti cliccati dall\u2019Utente, la data e l\u2019ora di accesso, l\u2019indirizzo IP dell\u2019Utente, il browser di navigazione e il sistema operativo utilizzato (c.d. \u201cdati di navigazione\u201d). I dati di navigazione potrebbero, per loro stessa natura, permettere di identificare l\u2019Utente anche attraverso elaborazioni e associazioni con dati detenuti da terzi. Tuttavia, questi dati sono utilizzati al solo fine di ricavare informazioni statistiche e anonime sull\u2019uso del Sito per finalit\u00e0 strettamente legate al funzionamento dello stesso. I dati di navigazione potrebbero essere utilizzati anche per l\u2019accertamento di responsabilit\u00e0 in caso di eventuali reati informatici ai danni del Sito. In secondo luogo, in relazione alla raccolta di dati dell\u2019Utente attraverso cookie e tecnologie simili, si prega di visitare la Cookie Policy in coda al testo.<\/p><p><u><i>4.2 Dati forniti volontariamente dall\u2019Utente<\/i><\/u><br \/>Il Sito non raccoglie direttamente dati dell\u2019Utente. L\u2019Utente ha la possibilit\u00e0 di fornire dati personali quando decide di contattare gli exclusive agents (via e-mail o tramite telefono) per avere informazioni sui servizi offerti dal Sito. Tali dati saranno trattati dagli exclusive agents, autonomi titolari del trattamento, per le finalit\u00e0 strettamente legate alla richiesta dell\u2019Utente. Il mancato conferimento pu\u00f2 comportare l\u2019impossibilit\u00e0 di ottenere il servizio richiesto.<\/p><h2>5. Comunicazione dei dati a terzi<\/h2><p>I dati raccolti dal Sito nell\u2019ambito dei relativi servizi (es. indirizzo IP) non saranno diffusi e potranno essere comunicati, per le finalit\u00e0 e modalit\u00e0 illustrate nella presente Privacy Policy, alle categorie di soggetti di seguito indicate:<\/p><ul><li>societ\u00e0 cui \u00e8 affidata la gestione degli immobili dei titolari e che operano per conto degli stessi, tra cui le societ\u00e0 facenti parte della piattaforma COIMA, per finalit\u00e0 amministrativo-contabili, per il perseguimento dei legittimi interessi dei titolari e\/o di terzi, e per finalit\u00e0 di esecuzione dei servizi espressamente richiesti dall\u2019Utente;<\/li><li>societ\u00e0, collaboratori, consulenti o liberi professionisti di cui COIMA si avvale per lo svolgimento di compiti di natura tecnica o organizzativa (quali ad esempio i fornitori di servizi IT), o con cui essi collaborano (incluse le altre Societ\u00e0 COIMA), ai fini della erogazione e funzionamento dei propri servizi, o per eventuali attivit\u00e0 di comunicazione;<\/li><li>persone, societ\u00e0 o studi professionali che prestino attivit\u00e0 di assistenza e consulenza al Titolare, con particolare ma non esclusivo riferimento alle questioni in materia contabile, amministrativa, legale, tributaria e finanziaria;<\/li><li>soggetti cui la facolt\u00e0 di accedere ai dati sia riconosciuta da disposizioni di legge o da ordini delle autorit\u00e0.<\/li><\/ul><p>I soggetti appartenenti alle categorie sopra indicate utilizzeranno i dati in qualit\u00e0 di autonomi titolari del trattamento ai sensi di legge o di responsabili del trattamento di dati regolarmente nominati per conto dei Titolari.<br \/>L\u2019elenco dei soggetti a cui i dati sono o possono essere comunicati possono essere richiesti alla Societ\u00e0 rivolgendosi ai recapiti indicati nella sezione \u201cDiritti degli Utenti e Contatti\u201d.<\/p><h2>6. Conservazione dei dati<\/h2><p>I dati forniti dall\u2019Utente attraverso la presa di contatto con gli exclusive agents saranno trattati da questi per il tempo necessario allo svolgimento delle attivit\u00e0 indicate. Indicazioni circa i tempi di conservazione dei dati raccolti dagli exclusive agents, saranno fornite da questi ultimi con proprie informative.<\/p><h2>7. Diritti dell\u2019Utente e contatti<\/h2><p>L\u2019Utente pu\u00f2 esercitare, nei casi espressamente previsti dalla legge e ove applicabili, i diritti previsti dal Regolamento. In particolare, l\u2019Utente ha il diritto di:<\/p><ul><li>ottenere la conferma che sia in corso il trattamento dei suoi dati personali e, in tal caso, di chiedere al titolare del trattamento l\u2019accesso alle informazioni relative al trattamento medesimo (es. finalit\u00e0, categorie di dati trattati, destinatari o categorie di destinatari dei dati, il periodo di conservazione, etc.);<\/li><li>chiedere la rettifica dei dati inesatti o incompleti;<\/li><li>chiedere al titolare del trattamento la cancellazione dei dati (es. se i dati personali non sono pi\u00f9 necessari rispetto alle finalit\u00e0 per le quali sono stati raccolti, in caso di revoca del consenso su cui si basa il trattamento, etc.);<\/li><li>chiedere la limitazione del trattamento (es. in caso di contestazione da parte dell\u2019Utente sull\u2019esattezza dei dati; se il trattamento \u00e8 illecito e lo stesso si oppone alla cancellazione dei dati personali; se i dati sono necessari per l\u2019esercizio o la difesa in giudizio di un diritto dell\u2019Utente, anche qualora il titolare non ne abbia pi\u00f9 bisogno; in caso di esercizio del diritto di opposizione, per il tempo necessario alla verifica della sussistenza dei motivi legittimi).<\/li><li>Ricevere in un formato di uso comune e leggibile da dispositivo automatico i dati personali che lo riguardano e di trasmetterli ad altro titolare, o di ottenere la trasmissione diretta da un titolare all\u2019altro, se tecnicamente fattibile (c.d. portabilit\u00e0 dei dati).<\/li><\/ul><p>L\u2019Utente ha, inoltre, il diritto di opporsi in tutto o in parte, per motivi legittimi, al trattamento dei dati personali che lo riguardano.<br \/>Tali diritti sono esercitabili direttamente inviando una comunicazione a COIMA al seguente indirizzo email:\u00a0<a href=\"mailto:privacy@coimasgr.com\">privacy@coimasgr.com<\/a>. Qualora l\u2019Utente abbia fornito i propri dati agli exclusive agents, potr\u00e0 rivolgersi direttamente a questi ultimi, autonomi titolari del trattamento, per l\u2019esercizio dei propri diritti.<br \/>Infine, qualora ritenga che il trattamento dei dati forniti violi la normativa in materia di protezione dei dati personali, l\u2019Utente ha il diritto di proporre reclamo all\u2019Autorit\u00e0 Garante per la protezione dei dati personali (www garanteprivacy it).<\/p>\t\t\t\t\t\t\t\t<\/div>\n\t\t\t\t\t<\/div>\n\t\t\t\t<\/div>\n\t\t\t\t<\/div>","protected":false},"excerpt":{"rendered":"<p>Privacy Policy Questa Privacy Policy ha lo scopo di descrivere le finalit\u00e0 e le modalit\u00e0 tramite cui COIMA SGR, Titolare del trattamento (\u201cCOIMA\u201d o \u201cTitolare\u201d) ed i soggetti individuati (exclusive agents) trattano i dati personali dell\u2019Utente (\u201dUtente\u201d) raccolti attraverso il sito\u00a0https:\/\/www.energy-park.it\u00a0(\u201cSito\u201d) nel momento in cui l\u2019Utente interagisce con il Sito e con i diversi servizi [&hellip;]<\/p>","protected":false},"author":1,"featured_media":0,"parent":0,"menu_order":0,"comment_status":"closed","ping_status":"closed","template":"","meta":{"inline_featured_image":false,"footnotes":""},"class_list":["post-388","page","type-page","status-publish","hentry"],"_links":{"self":[{"href":"https:\/\/energy.postvalidation.blog\/en\/wp-json\/wp\/v2\/pages\/388","targetHints":{"allow":["GET"]}}],"collection":[{"href":"https:\/\/energy.postvalidation.blog\/en\/wp-json\/wp\/v2\/pages"}],"about":[{"href":"https:\/\/energy.postvalidation.blog\/en\/wp-json\/wp\/v2\/types\/page"}],"author":[{"embeddable":true,"href":"https:\/\/energy.postvalidation.blog\/en\/wp-json\/wp\/v2\/users\/1"}],"replies":[{"embeddable":true,"href":"https:\/\/energy.postvalidation.blog\/en\/wp-json\/wp\/v2\/comments?post=388"}],"version-history":[{"count":4,"href":"https:\/\/energy.postvalidation.blog\/en\/wp-json\/wp\/v2\/pages\/388\/revisions"}],"predecessor-version":[{"id":392,"href":"https:\/\/energy.postvalidation.blog\/en\/wp-json\/wp\/v2\/pages\/388\/revisions\/392"}],"wp:attachment":[{"href":"https:\/\/energy.postvalidation.blog\/en\/wp-json\/wp\/v2\/media?parent=388"}],"curies":[{"name":"wp","href":"https:\/\/api.w.org\/{rel}","templated":true}]}}